{"id":258,"date":"2025-05-10T06:17:44","date_gmt":"2025-05-10T04:17:44","guid":{"rendered":"https:\/\/delahoz.art\/?page_id=258"},"modified":"2025-10-26T11:51:15","modified_gmt":"2025-10-26T10:51:15","slug":"comtenporaneo","status":"publish","type":"page","link":"https:\/\/delahoz.art\/index.php\/comtenporaneo\/","title":{"rendered":"Comtenporan\u00e9o"},"content":{"rendered":"\n<h2 class=\"wp-block-heading has-green-color has-text-color has-link-color wp-elements-99de1fea4e510dfeac3af903c5473e8e\">UN ACORDE DE JAZZ<\/h2>\n\n\n\n<blockquote class=\"wp-block-quote is-layout-flow wp-block-quote-is-layout-flow\">\n<p><strong>Poder pintar la musica. Proyectar lo que se oy\u00f3 sobre un lienzo. Intent\u00e9 varios sonidos para dibujar y traducir con pintura las sensaciones relevantes que comunica cada instrumento. Al cerrar los ojos entrevi las formas de cada sonido y trate capturarlos con mi pincel.<\/strong><br><\/p>\n<\/blockquote>\n\n\n\n<figure class=\"wp-block-image size-large\"><img loading=\"lazy\" decoding=\"async\" width=\"851\" height=\"1024\" src=\"https:\/\/delahoz.art\/wp-content\/uploads\/2025\/05\/IMG_1603-851x1024.jpg\" alt=\"\" class=\"wp-image-260\" srcset=\"https:\/\/delahoz.art\/wp-content\/uploads\/2025\/05\/IMG_1603-851x1024.jpg 851w, https:\/\/delahoz.art\/wp-content\/uploads\/2025\/05\/IMG_1603-249x300.jpg 249w, https:\/\/delahoz.art\/wp-content\/uploads\/2025\/05\/IMG_1603-768x924.jpg 768w, https:\/\/delahoz.art\/wp-content\/uploads\/2025\/05\/IMG_1603-1276x1536.jpg 1276w, https:\/\/delahoz.art\/wp-content\/uploads\/2025\/05\/IMG_1603-1702x2048.jpg 1702w\" sizes=\"auto, (max-width: 851px) 100vw, 851px\" \/><\/figure>\n\n\n\n<h2 class=\"wp-block-heading has-green-color has-text-color has-link-color wp-elements-d83508672b8dddd64036afed788824d4\">El ARBOL DE NAVIDAD<\/h2>\n\n\n\n<figure class=\"wp-block-image size-large\"><img loading=\"lazy\" decoding=\"async\" width=\"760\" height=\"1024\" src=\"https:\/\/delahoz.art\/wp-content\/uploads\/2025\/05\/IMG_1602-760x1024.jpg\" alt=\"\" class=\"wp-image-261\" srcset=\"https:\/\/delahoz.art\/wp-content\/uploads\/2025\/05\/IMG_1602-760x1024.jpg 760w, https:\/\/delahoz.art\/wp-content\/uploads\/2025\/05\/IMG_1602-223x300.jpg 223w, https:\/\/delahoz.art\/wp-content\/uploads\/2025\/05\/IMG_1602-768x1035.jpg 768w, https:\/\/delahoz.art\/wp-content\/uploads\/2025\/05\/IMG_1602-1140x1536.jpg 1140w, https:\/\/delahoz.art\/wp-content\/uploads\/2025\/05\/IMG_1602-1520x2048.jpg 1520w, https:\/\/delahoz.art\/wp-content\/uploads\/2025\/05\/IMG_1602-scaled.jpg 1900w\" sizes=\"auto, (max-width: 760px) 100vw, 760px\" \/><\/figure>\n\n\n\n<h2 class=\"wp-block-heading has-green-color has-text-color has-link-color wp-elements-77cdabb77ac27a6243a7b45f16cf0fcd\">SENTIMIENTO INTERIOR DE AMOR A PRIMERA VEZ<\/h2>\n\n\n\n<figure class=\"wp-block-image size-large\"><img loading=\"lazy\" decoding=\"async\" width=\"701\" height=\"1024\" src=\"https:\/\/delahoz.art\/wp-content\/uploads\/2025\/05\/IMG_1608-701x1024.jpg\" alt=\"\" class=\"wp-image-262\" srcset=\"https:\/\/delahoz.art\/wp-content\/uploads\/2025\/05\/IMG_1608-701x1024.jpg 701w, https:\/\/delahoz.art\/wp-content\/uploads\/2025\/05\/IMG_1608-205x300.jpg 205w, https:\/\/delahoz.art\/wp-content\/uploads\/2025\/05\/IMG_1608-768x1121.jpg 768w, https:\/\/delahoz.art\/wp-content\/uploads\/2025\/05\/IMG_1608-1052x1536.jpg 1052w, https:\/\/delahoz.art\/wp-content\/uploads\/2025\/05\/IMG_1608-1403x2048.jpg 1403w, https:\/\/delahoz.art\/wp-content\/uploads\/2025\/05\/IMG_1608-scaled.jpg 1753w\" sizes=\"auto, (max-width: 701px) 100vw, 701px\" \/><\/figure>\n\n\n\n<blockquote class=\"wp-block-quote is-layout-flow wp-block-quote-is-layout-flow\">\n<h2 class=\"wp-block-heading has-green-color has-text-color has-link-color wp-elements-754d7ff3d696695fb533b41a9694f0f9\">METAL ROCK<\/h2>\n<\/blockquote>\n\n\n\n<figure class=\"wp-block-image size-large\"><img loading=\"lazy\" decoding=\"async\" width=\"788\" height=\"1024\" src=\"https:\/\/delahoz.art\/wp-content\/uploads\/2025\/05\/IMG_1614-788x1024.jpg\" alt=\"\" class=\"wp-image-263\" srcset=\"https:\/\/delahoz.art\/wp-content\/uploads\/2025\/05\/IMG_1614-788x1024.jpg 788w, https:\/\/delahoz.art\/wp-content\/uploads\/2025\/05\/IMG_1614-231x300.jpg 231w, https:\/\/delahoz.art\/wp-content\/uploads\/2025\/05\/IMG_1614-768x999.jpg 768w, https:\/\/delahoz.art\/wp-content\/uploads\/2025\/05\/IMG_1614-1181x1536.jpg 1181w, https:\/\/delahoz.art\/wp-content\/uploads\/2025\/05\/IMG_1614-1575x2048.jpg 1575w, https:\/\/delahoz.art\/wp-content\/uploads\/2025\/05\/IMG_1614-scaled.jpg 1969w\" sizes=\"auto, (max-width: 788px) 100vw, 788px\" \/><\/figure>\n\n\n\n<h2 class=\"wp-block-heading has-green-color has-text-color has-link-color wp-elements-41bf5707cb12ed9eacce3a81c52f572d\">SUE\u00d1OS EROTICOS<\/h2>\n\n\n\n<figure class=\"wp-block-image size-large\"><img loading=\"lazy\" decoding=\"async\" width=\"1024\" height=\"797\" src=\"https:\/\/delahoz.art\/wp-content\/uploads\/2025\/05\/IMG_1597-1024x797.jpg\" alt=\"\" class=\"wp-image-264\" srcset=\"https:\/\/delahoz.art\/wp-content\/uploads\/2025\/05\/IMG_1597-1024x797.jpg 1024w, https:\/\/delahoz.art\/wp-content\/uploads\/2025\/05\/IMG_1597-300x233.jpg 300w, https:\/\/delahoz.art\/wp-content\/uploads\/2025\/05\/IMG_1597-768x598.jpg 768w, https:\/\/delahoz.art\/wp-content\/uploads\/2025\/05\/IMG_1597-1536x1195.jpg 1536w, https:\/\/delahoz.art\/wp-content\/uploads\/2025\/05\/IMG_1597-2048x1594.jpg 2048w\" sizes=\"auto, (max-width: 1024px) 100vw, 1024px\" \/><\/figure>\n\n\n\n<h2 class=\"wp-block-heading has-green-color has-text-color has-link-color wp-elements-6dbb8e3b541626c7b48812049da5df3c\">ENGLISH BREAKFAST<\/h2>\n\n\n\n<figure class=\"wp-block-image size-large\"><img loading=\"lazy\" decoding=\"async\" width=\"768\" height=\"1024\" src=\"https:\/\/delahoz.art\/wp-content\/uploads\/2025\/05\/IMG_1612-768x1024.jpg\" alt=\"\" class=\"wp-image-265\" srcset=\"https:\/\/delahoz.art\/wp-content\/uploads\/2025\/05\/IMG_1612-768x1025.jpg 768w, https:\/\/delahoz.art\/wp-content\/uploads\/2025\/05\/IMG_1612-225x300.jpg 225w, https:\/\/delahoz.art\/wp-content\/uploads\/2025\/05\/IMG_1612-1151x1536.jpg 1151w, https:\/\/delahoz.art\/wp-content\/uploads\/2025\/05\/IMG_1612-1535x2048.jpg 1535w, https:\/\/delahoz.art\/wp-content\/uploads\/2025\/05\/IMG_1612-scaled.jpg 1919w\" sizes=\"auto, (max-width: 768px) 100vw, 768px\" \/><\/figure>\n\n\n\n<h2 class=\"wp-block-heading has-green-color has-text-color has-link-color wp-elements-f9dcbaea2a3561181ddb4155c4f90308\">RITMO SAMBA<\/h2>\n\n\n\n<figure class=\"wp-block-image size-large\"><img loading=\"lazy\" decoding=\"async\" width=\"1024\" height=\"858\" src=\"https:\/\/delahoz.art\/wp-content\/uploads\/2025\/05\/IMG_1598-1024x858.jpg\" alt=\"\" class=\"wp-image-266\" srcset=\"https:\/\/delahoz.art\/wp-content\/uploads\/2025\/05\/IMG_1598-1024x858.jpg 1024w, https:\/\/delahoz.art\/wp-content\/uploads\/2025\/05\/IMG_1598-300x251.jpg 300w, https:\/\/delahoz.art\/wp-content\/uploads\/2025\/05\/IMG_1598-768x643.jpg 768w, https:\/\/delahoz.art\/wp-content\/uploads\/2025\/05\/IMG_1598-1536x1287.jpg 1536w, https:\/\/delahoz.art\/wp-content\/uploads\/2025\/05\/IMG_1598-2048x1716.jpg 2048w\" sizes=\"auto, (max-width: 1024px) 100vw, 1024px\" \/><\/figure>\n\n\n\n<h2 class=\"wp-block-heading has-green-color has-text-color has-link-color wp-elements-3e865ede79cea121887bd581f30ab716\">SCANER de un cerebro. <\/h2>\n\n\n\n<p class=\"has-black-color has-text-color has-link-color has-medium-font-size wp-elements-0f351dd85d5b9ffc32f280d4da5a2bcb\">Hemisferio izquierdo los problemas. Hemisferio derecho las vacaciones.<\/p>\n\n\n\n<figure class=\"wp-block-image size-large\"><img loading=\"lazy\" decoding=\"async\" width=\"1024\" height=\"854\" src=\"https:\/\/delahoz.art\/wp-content\/uploads\/2025\/05\/IMG_1604-1024x854.jpg\" alt=\"\" class=\"wp-image-267\" srcset=\"https:\/\/delahoz.art\/wp-content\/uploads\/2025\/05\/IMG_1604-1024x854.jpg 1024w, https:\/\/delahoz.art\/wp-content\/uploads\/2025\/05\/IMG_1604-300x250.jpg 300w, https:\/\/delahoz.art\/wp-content\/uploads\/2025\/05\/IMG_1604-768x640.jpg 768w, https:\/\/delahoz.art\/wp-content\/uploads\/2025\/05\/IMG_1604-1536x1280.jpg 1536w, https:\/\/delahoz.art\/wp-content\/uploads\/2025\/05\/IMG_1604-2048x1707.jpg 2048w\" sizes=\"auto, (max-width: 1024px) 100vw, 1024px\" \/><\/figure>\n\n\n\n<h2 class=\"wp-block-heading has-green-color has-text-color has-link-color wp-elements-6c17a13eb7ab0e5352d79d2fc1dcd1ee\">CONTAMINAC\u00ccON<\/h2>\n\n\n\n<figure class=\"wp-block-image size-large\"><img loading=\"lazy\" decoding=\"async\" width=\"1024\" height=\"760\" src=\"https:\/\/delahoz.art\/wp-content\/uploads\/2025\/05\/IMG_1607-1024x760.jpg\" alt=\"\" class=\"wp-image-268\" srcset=\"https:\/\/delahoz.art\/wp-content\/uploads\/2025\/05\/IMG_1607-1024x760.jpg 1024w, https:\/\/delahoz.art\/wp-content\/uploads\/2025\/05\/IMG_1607-300x223.jpg 300w, https:\/\/delahoz.art\/wp-content\/uploads\/2025\/05\/IMG_1607-768x570.jpg 768w, https:\/\/delahoz.art\/wp-content\/uploads\/2025\/05\/IMG_1607-1536x1140.jpg 1536w, https:\/\/delahoz.art\/wp-content\/uploads\/2025\/05\/IMG_1607-2048x1520.jpg 2048w\" sizes=\"auto, (max-width: 1024px) 100vw, 1024px\" \/><\/figure>\n\n\n\n<h2 class=\"wp-block-heading has-green-color has-text-color has-link-color wp-elements-ca5f04c879b8efdb3f3fbadedce43d59\">LA PESCA<\/h2>\n\n\n\n<figure class=\"wp-block-image size-large\"><img loading=\"lazy\" decoding=\"async\" width=\"1024\" height=\"767\" src=\"https:\/\/delahoz.art\/wp-content\/uploads\/2025\/05\/IMG_1606-1024x767.jpg\" alt=\"\" class=\"wp-image-269\" srcset=\"https:\/\/delahoz.art\/wp-content\/uploads\/2025\/05\/IMG_1606-1024x767.jpg 1024w, https:\/\/delahoz.art\/wp-content\/uploads\/2025\/05\/IMG_1606-300x225.jpg 300w, https:\/\/delahoz.art\/wp-content\/uploads\/2025\/05\/IMG_1606-768x576.jpg 768w, https:\/\/delahoz.art\/wp-content\/uploads\/2025\/05\/IMG_1606-1536x1151.jpg 1536w, https:\/\/delahoz.art\/wp-content\/uploads\/2025\/05\/IMG_1606-2048x1535.jpg 2048w\" sizes=\"auto, (max-width: 1024px) 100vw, 1024px\" \/><\/figure>\n\n\n\n<h2 class=\"wp-block-heading has-green-color has-text-color has-link-color wp-elements-687e1d7cadd16cbac5504c546a901deb\">EL TIEMPO QUE PASA<\/h2>\n\n\n\n<figure class=\"wp-block-image size-large\"><img loading=\"lazy\" decoding=\"async\" width=\"779\" height=\"1024\" src=\"https:\/\/delahoz.art\/wp-content\/uploads\/2025\/05\/IMG_1613-779x1024.jpg\" alt=\"\" class=\"wp-image-270\" srcset=\"https:\/\/delahoz.art\/wp-content\/uploads\/2025\/05\/IMG_1613-779x1024.jpg 779w, https:\/\/delahoz.art\/wp-content\/uploads\/2025\/05\/IMG_1613-228x300.jpg 228w, https:\/\/delahoz.art\/wp-content\/uploads\/2025\/05\/IMG_1613-768x1010.jpg 768w, https:\/\/delahoz.art\/wp-content\/uploads\/2025\/05\/IMG_1613-1169x1536.jpg 1169w, https:\/\/delahoz.art\/wp-content\/uploads\/2025\/05\/IMG_1613-1558x2048.jpg 1558w, https:\/\/delahoz.art\/wp-content\/uploads\/2025\/05\/IMG_1613-scaled.jpg 1948w\" sizes=\"auto, (max-width: 779px) 100vw, 779px\" \/><\/figure>\n\n\n\n<figure class=\"wp-block-image size-large\"><img loading=\"lazy\" decoding=\"async\" width=\"1024\" height=\"521\" src=\"https:\/\/delahoz.art\/wp-content\/uploads\/2025\/05\/IMG_1616-1024x521.jpg\" alt=\"\" class=\"wp-image-271\" srcset=\"https:\/\/delahoz.art\/wp-content\/uploads\/2025\/05\/IMG_1616-1024x521.jpg 1024w, https:\/\/delahoz.art\/wp-content\/uploads\/2025\/05\/IMG_1616-300x153.jpg 300w, https:\/\/delahoz.art\/wp-content\/uploads\/2025\/05\/IMG_1616-768x391.jpg 768w, https:\/\/delahoz.art\/wp-content\/uploads\/2025\/05\/IMG_1616-1536x781.jpg 1536w, https:\/\/delahoz.art\/wp-content\/uploads\/2025\/05\/IMG_1616-2048x1042.jpg 2048w\" sizes=\"auto, (max-width: 1024px) 100vw, 1024px\" \/><\/figure>\n\n\n\n<figure class=\"wp-block-image size-large\"><img loading=\"lazy\" decoding=\"async\" width=\"1024\" height=\"1024\" src=\"https:\/\/delahoz.art\/wp-content\/uploads\/2025\/05\/IMG_1622-1024x1024.jpg\" alt=\"\" class=\"wp-image-272\" srcset=\"https:\/\/delahoz.art\/wp-content\/uploads\/2025\/05\/IMG_1622-1024x1024.jpg 1024w, https:\/\/delahoz.art\/wp-content\/uploads\/2025\/05\/IMG_1622-300x300.jpg 300w, https:\/\/delahoz.art\/wp-content\/uploads\/2025\/05\/IMG_1622-150x150.jpg 150w, https:\/\/delahoz.art\/wp-content\/uploads\/2025\/05\/IMG_1622-768x767.jpg 768w, https:\/\/delahoz.art\/wp-content\/uploads\/2025\/05\/IMG_1622-1536x1534.jpg 1536w, https:\/\/delahoz.art\/wp-content\/uploads\/2025\/05\/IMG_1622-2048x2046.jpg 2048w\" sizes=\"auto, (max-width: 1024px) 100vw, 1024px\" \/><\/figure>\n\n\n\n<figure class=\"wp-block-image size-large\"><img loading=\"lazy\" decoding=\"async\" width=\"707\" height=\"1024\" src=\"https:\/\/delahoz.art\/wp-content\/uploads\/2025\/05\/IMG_1601-707x1024.jpg\" alt=\"\" class=\"wp-image-273\" srcset=\"https:\/\/delahoz.art\/wp-content\/uploads\/2025\/05\/IMG_1601-707x1024.jpg 707w, https:\/\/delahoz.art\/wp-content\/uploads\/2025\/05\/IMG_1601-207x300.jpg 207w, https:\/\/delahoz.art\/wp-content\/uploads\/2025\/05\/IMG_1601-768x1112.jpg 768w, https:\/\/delahoz.art\/wp-content\/uploads\/2025\/05\/IMG_1601-1061x1536.jpg 1061w, https:\/\/delahoz.art\/wp-content\/uploads\/2025\/05\/IMG_1601-1414x2048.jpg 1414w, https:\/\/delahoz.art\/wp-content\/uploads\/2025\/05\/IMG_1601-scaled.jpg 1768w\" sizes=\"auto, (max-width: 707px) 100vw, 707px\" \/><\/figure>\n\n\n\n<figure class=\"wp-block-image size-large\"><img loading=\"lazy\" decoding=\"async\" width=\"1024\" height=\"764\" src=\"https:\/\/delahoz.art\/wp-content\/uploads\/2025\/05\/IMG_1610-1024x764.jpg\" alt=\"\" class=\"wp-image-274\" srcset=\"https:\/\/delahoz.art\/wp-content\/uploads\/2025\/05\/IMG_1610-1024x764.jpg 1024w, https:\/\/delahoz.art\/wp-content\/uploads\/2025\/05\/IMG_1610-300x224.jpg 300w, https:\/\/delahoz.art\/wp-content\/uploads\/2025\/05\/IMG_1610-768x573.jpg 768w, https:\/\/delahoz.art\/wp-content\/uploads\/2025\/05\/IMG_1610-1536x1146.jpg 1536w, https:\/\/delahoz.art\/wp-content\/uploads\/2025\/05\/IMG_1610-2048x1527.jpg 2048w\" sizes=\"auto, (max-width: 1024px) 100vw, 1024px\" \/><\/figure>\n\n\n\n<figure class=\"wp-block-image size-large\"><img loading=\"lazy\" decoding=\"async\" width=\"759\" height=\"1024\" src=\"https:\/\/delahoz.art\/wp-content\/uploads\/2025\/05\/IMG_1609-759x1024.jpg\" alt=\"\" class=\"wp-image-275\" srcset=\"https:\/\/delahoz.art\/wp-content\/uploads\/2025\/05\/IMG_1609-759x1024.jpg 759w, https:\/\/delahoz.art\/wp-content\/uploads\/2025\/05\/IMG_1609-222x300.jpg 222w, https:\/\/delahoz.art\/wp-content\/uploads\/2025\/05\/IMG_1609-768x1036.jpg 768w, https:\/\/delahoz.art\/wp-content\/uploads\/2025\/05\/IMG_1609-1139x1536.jpg 1139w, https:\/\/delahoz.art\/wp-content\/uploads\/2025\/05\/IMG_1609-1518x2048.jpg 1518w, https:\/\/delahoz.art\/wp-content\/uploads\/2025\/05\/IMG_1609-scaled.jpg 1898w\" sizes=\"auto, (max-width: 759px) 100vw, 759px\" \/><\/figure>\n\n\n\n<figure class=\"wp-block-image size-large\"><img loading=\"lazy\" decoding=\"async\" width=\"528\" height=\"1024\" src=\"https:\/\/delahoz.art\/wp-content\/uploads\/2025\/05\/IMG_1615-528x1024.jpg\" alt=\"\" class=\"wp-image-276\" srcset=\"https:\/\/delahoz.art\/wp-content\/uploads\/2025\/05\/IMG_1615-528x1024.jpg 528w, https:\/\/delahoz.art\/wp-content\/uploads\/2025\/05\/IMG_1615-155x300.jpg 155w, https:\/\/delahoz.art\/wp-content\/uploads\/2025\/05\/IMG_1615-768x1490.jpg 768w, https:\/\/delahoz.art\/wp-content\/uploads\/2025\/05\/IMG_1615-792x1536.jpg 792w, https:\/\/delahoz.art\/wp-content\/uploads\/2025\/05\/IMG_1615-1055x2048.jpg 1055w, https:\/\/delahoz.art\/wp-content\/uploads\/2025\/05\/IMG_1615-scaled.jpg 1319w\" sizes=\"auto, (max-width: 528px) 100vw, 528px\" \/><\/figure>\n","protected":false},"excerpt":{"rendered":"<p>UN ACORDE DE JAZZ Poder pintar la musica. Proyectar lo que se oy\u00f3 sobre un lienzo. Intent\u00e9 varios sonidos para dibujar y traducir con pintura las sensaciones relevantes que comunica cada instrumento. Al cerrar los ojos entrevi las formas de cada sonido y trate capturarlos con mi pincel. El ARBOL DE NAVIDAD SENTIMIENTO INTERIOR DE &hellip; <a href=\"https:\/\/delahoz.art\/index.php\/comtenporaneo\/\" class=\"more-link\">Continuer la lecture de <span class=\"screen-reader-text\">Comtenporan\u00e9o<\/span>  <span class=\"meta-nav\">&rarr;<\/span><\/a><\/p>\n","protected":false},"author":1,"featured_media":0,"parent":0,"menu_order":0,"comment_status":"closed","ping_status":"closed","template":"","meta":{"footnotes":""},"class_list":["post-258","page","type-page","status-publish","hentry"],"yoast_head":"<!-- This site is optimized with the Yoast SEO plugin v26.8 - https:\/\/yoast.com\/product\/yoast-seo-wordpress\/ -->\n<title>Comtenporan\u00e9o - De La Hoz<\/title>\n<meta name=\"robots\" content=\"index, follow, max-snippet:-1, max-image-preview:large, max-video-preview:-1\" \/>\n<link rel=\"canonical\" href=\"https:\/\/delahoz.art\/index.php\/comtenporaneo\/\" \/>\n<meta property=\"og:locale\" content=\"fr_FR\" \/>\n<meta property=\"og:type\" content=\"article\" \/>\n<meta property=\"og:title\" content=\"Comtenporan\u00e9o - De La Hoz\" \/>\n<meta property=\"og:description\" content=\"UN ACORDE DE JAZZ Poder pintar la musica. Proyectar lo que se oy\u00f3 sobre un lienzo. Intent\u00e9 varios sonidos para dibujar y traducir con pintura las sensaciones relevantes que comunica cada instrumento. Al cerrar los ojos entrevi las formas de cada sonido y trate capturarlos con mi pincel. El ARBOL DE NAVIDAD SENTIMIENTO INTERIOR DE &hellip; Continuer la lecture de Comtenporan\u00e9o &rarr;\" \/>\n<meta property=\"og:url\" content=\"https:\/\/delahoz.art\/index.php\/comtenporaneo\/\" \/>\n<meta property=\"og:site_name\" content=\"De La Hoz\" \/>\n<meta property=\"article:modified_time\" content=\"2025-10-26T10:51:15+00:00\" \/>\n<meta property=\"og:image\" content=\"https:\/\/delahoz.art\/wp-content\/uploads\/2025\/05\/IMG_1603-scaled.jpg\" \/>\n\t<meta property=\"og:image:width\" content=\"2127\" \/>\n\t<meta property=\"og:image:height\" content=\"2560\" \/>\n\t<meta property=\"og:image:type\" content=\"image\/jpeg\" \/>\n<meta name=\"twitter:card\" content=\"summary_large_image\" \/>\n<script type=\"application\/ld+json\" class=\"yoast-schema-graph\">{\"@context\":\"https:\/\/schema.org\",\"@graph\":[{\"@type\":\"WebPage\",\"@id\":\"https:\/\/delahoz.art\/index.php\/comtenporaneo\/\",\"url\":\"https:\/\/delahoz.art\/index.php\/comtenporaneo\/\",\"name\":\"Comtenporan\u00e9o - De La Hoz\",\"isPartOf\":{\"@id\":\"https:\/\/delahoz.art\/#website\"},\"primaryImageOfPage\":{\"@id\":\"https:\/\/delahoz.art\/index.php\/comtenporaneo\/#primaryimage\"},\"image\":{\"@id\":\"https:\/\/delahoz.art\/index.php\/comtenporaneo\/#primaryimage\"},\"thumbnailUrl\":\"https:\/\/delahoz.art\/wp-content\/uploads\/2025\/05\/IMG_1603-851x1024.jpg\",\"datePublished\":\"2025-05-10T04:17:44+00:00\",\"dateModified\":\"2025-10-26T10:51:15+00:00\",\"breadcrumb\":{\"@id\":\"https:\/\/delahoz.art\/index.php\/comtenporaneo\/#breadcrumb\"},\"inLanguage\":\"fr-FR\",\"potentialAction\":[{\"@type\":\"ReadAction\",\"target\":[\"https:\/\/delahoz.art\/index.php\/comtenporaneo\/\"]}]},{\"@type\":\"ImageObject\",\"inLanguage\":\"fr-FR\",\"@id\":\"https:\/\/delahoz.art\/index.php\/comtenporaneo\/#primaryimage\",\"url\":\"https:\/\/delahoz.art\/wp-content\/uploads\/2025\/05\/IMG_1603-scaled.jpg\",\"contentUrl\":\"https:\/\/delahoz.art\/wp-content\/uploads\/2025\/05\/IMG_1603-scaled.jpg\",\"width\":2127,\"height\":2560},{\"@type\":\"BreadcrumbList\",\"@id\":\"https:\/\/delahoz.art\/index.php\/comtenporaneo\/#breadcrumb\",\"itemListElement\":[{\"@type\":\"ListItem\",\"position\":1,\"name\":\"Accueil\",\"item\":\"https:\/\/delahoz.art\/\"},{\"@type\":\"ListItem\",\"position\":2,\"name\":\"Comtenporan\u00e9o\"}]},{\"@type\":\"WebSite\",\"@id\":\"https:\/\/delahoz.art\/#website\",\"url\":\"https:\/\/delahoz.art\/\",\"name\":\"De La Hoz\",\"description\":\"Artista Pintor\",\"publisher\":{\"@id\":\"https:\/\/delahoz.art\/#organization\"},\"potentialAction\":[{\"@type\":\"SearchAction\",\"target\":{\"@type\":\"EntryPoint\",\"urlTemplate\":\"https:\/\/delahoz.art\/?s={search_term_string}\"},\"query-input\":{\"@type\":\"PropertyValueSpecification\",\"valueRequired\":true,\"valueName\":\"search_term_string\"}}],\"inLanguage\":\"fr-FR\"},{\"@type\":\"Organization\",\"@id\":\"https:\/\/delahoz.art\/#organization\",\"name\":\"De La Hoz\",\"url\":\"https:\/\/delahoz.art\/\",\"logo\":{\"@type\":\"ImageObject\",\"inLanguage\":\"fr-FR\",\"@id\":\"https:\/\/delahoz.art\/#\/schema\/logo\/image\/\",\"url\":\"https:\/\/delahoz.art\/wp-content\/uploads\/2025\/05\/logo1.2.jpg\",\"contentUrl\":\"https:\/\/delahoz.art\/wp-content\/uploads\/2025\/05\/logo1.2.jpg\",\"width\":298,\"height\":298,\"caption\":\"De La Hoz\"},\"image\":{\"@id\":\"https:\/\/delahoz.art\/#\/schema\/logo\/image\/\"},\"sameAs\":[\"https:\/\/instagram.com\/de_la_hoz_01\"]}]}<\/script>\n<!-- \/ Yoast SEO plugin. -->","yoast_head_json":{"title":"Comtenporan\u00e9o - De La Hoz","robots":{"index":"index","follow":"follow","max-snippet":"max-snippet:-1","max-image-preview":"max-image-preview:large","max-video-preview":"max-video-preview:-1"},"canonical":"https:\/\/delahoz.art\/index.php\/comtenporaneo\/","og_locale":"fr_FR","og_type":"article","og_title":"Comtenporan\u00e9o - De La Hoz","og_description":"UN ACORDE DE JAZZ Poder pintar la musica. Proyectar lo que se oy\u00f3 sobre un lienzo. Intent\u00e9 varios sonidos para dibujar y traducir con pintura las sensaciones relevantes que comunica cada instrumento. Al cerrar los ojos entrevi las formas de cada sonido y trate capturarlos con mi pincel. El ARBOL DE NAVIDAD SENTIMIENTO INTERIOR DE &hellip; Continuer la lecture de Comtenporan\u00e9o &rarr;","og_url":"https:\/\/delahoz.art\/index.php\/comtenporaneo\/","og_site_name":"De La Hoz","article_modified_time":"2025-10-26T10:51:15+00:00","og_image":[{"width":2127,"height":2560,"url":"https:\/\/delahoz.art\/wp-content\/uploads\/2025\/05\/IMG_1603-scaled.jpg","type":"image\/jpeg"}],"twitter_card":"summary_large_image","schema":{"@context":"https:\/\/schema.org","@graph":[{"@type":"WebPage","@id":"https:\/\/delahoz.art\/index.php\/comtenporaneo\/","url":"https:\/\/delahoz.art\/index.php\/comtenporaneo\/","name":"Comtenporan\u00e9o - De La Hoz","isPartOf":{"@id":"https:\/\/delahoz.art\/#website"},"primaryImageOfPage":{"@id":"https:\/\/delahoz.art\/index.php\/comtenporaneo\/#primaryimage"},"image":{"@id":"https:\/\/delahoz.art\/index.php\/comtenporaneo\/#primaryimage"},"thumbnailUrl":"https:\/\/delahoz.art\/wp-content\/uploads\/2025\/05\/IMG_1603-851x1024.jpg","datePublished":"2025-05-10T04:17:44+00:00","dateModified":"2025-10-26T10:51:15+00:00","breadcrumb":{"@id":"https:\/\/delahoz.art\/index.php\/comtenporaneo\/#breadcrumb"},"inLanguage":"fr-FR","potentialAction":[{"@type":"ReadAction","target":["https:\/\/delahoz.art\/index.php\/comtenporaneo\/"]}]},{"@type":"ImageObject","inLanguage":"fr-FR","@id":"https:\/\/delahoz.art\/index.php\/comtenporaneo\/#primaryimage","url":"https:\/\/delahoz.art\/wp-content\/uploads\/2025\/05\/IMG_1603-scaled.jpg","contentUrl":"https:\/\/delahoz.art\/wp-content\/uploads\/2025\/05\/IMG_1603-scaled.jpg","width":2127,"height":2560},{"@type":"BreadcrumbList","@id":"https:\/\/delahoz.art\/index.php\/comtenporaneo\/#breadcrumb","itemListElement":[{"@type":"ListItem","position":1,"name":"Accueil","item":"https:\/\/delahoz.art\/"},{"@type":"ListItem","position":2,"name":"Comtenporan\u00e9o"}]},{"@type":"WebSite","@id":"https:\/\/delahoz.art\/#website","url":"https:\/\/delahoz.art\/","name":"De La Hoz","description":"Artista Pintor","publisher":{"@id":"https:\/\/delahoz.art\/#organization"},"potentialAction":[{"@type":"SearchAction","target":{"@type":"EntryPoint","urlTemplate":"https:\/\/delahoz.art\/?s={search_term_string}"},"query-input":{"@type":"PropertyValueSpecification","valueRequired":true,"valueName":"search_term_string"}}],"inLanguage":"fr-FR"},{"@type":"Organization","@id":"https:\/\/delahoz.art\/#organization","name":"De La Hoz","url":"https:\/\/delahoz.art\/","logo":{"@type":"ImageObject","inLanguage":"fr-FR","@id":"https:\/\/delahoz.art\/#\/schema\/logo\/image\/","url":"https:\/\/delahoz.art\/wp-content\/uploads\/2025\/05\/logo1.2.jpg","contentUrl":"https:\/\/delahoz.art\/wp-content\/uploads\/2025\/05\/logo1.2.jpg","width":298,"height":298,"caption":"De La Hoz"},"image":{"@id":"https:\/\/delahoz.art\/#\/schema\/logo\/image\/"},"sameAs":["https:\/\/instagram.com\/de_la_hoz_01"]}]}},"_links":{"self":[{"href":"https:\/\/delahoz.art\/index.php\/wp-json\/wp\/v2\/pages\/258","targetHints":{"allow":["GET"]}}],"collection":[{"href":"https:\/\/delahoz.art\/index.php\/wp-json\/wp\/v2\/pages"}],"about":[{"href":"https:\/\/delahoz.art\/index.php\/wp-json\/wp\/v2\/types\/page"}],"author":[{"embeddable":true,"href":"https:\/\/delahoz.art\/index.php\/wp-json\/wp\/v2\/users\/1"}],"replies":[{"embeddable":true,"href":"https:\/\/delahoz.art\/index.php\/wp-json\/wp\/v2\/comments?post=258"}],"version-history":[{"count":5,"href":"https:\/\/delahoz.art\/index.php\/wp-json\/wp\/v2\/pages\/258\/revisions"}],"predecessor-version":[{"id":605,"href":"https:\/\/delahoz.art\/index.php\/wp-json\/wp\/v2\/pages\/258\/revisions\/605"}],"wp:attachment":[{"href":"https:\/\/delahoz.art\/index.php\/wp-json\/wp\/v2\/media?parent=258"}],"curies":[{"name":"wp","href":"https:\/\/api.w.org\/{rel}","templated":true}]}}